{"id":11013,"date":"2021-03-30T14:16:54","date_gmt":"2021-03-30T12:16:54","guid":{"rendered":"https:\/\/pono-bowls.de\/?page_id=11013"},"modified":"2026-02-18T10:02:05","modified_gmt":"2026-02-18T09:02:05","slug":"darmstadt","status":"publish","type":"page","link":"https:\/\/frankfurt.pono-bowls.de\/index.php\/darmstadt\/","title":{"rendered":"Darmstadt"},"content":{"rendered":"[vc_row css=&#8220;.vc_custom_1559134125722{padding-top: 10px !important;padding-bottom: 100px !important;}&#8220;][vc_column width=&#8220;5\/12&#8243; css=&#8220;.vc_custom_1558959371819{padding-right: 40px !important;}&#8220;]<div class=\"cws_spacing\"><div class=\"cws_spacing cws_spacing_default\" style=\"height:30px;\"><\/div><\/div><div id='cws_service_item_69ff7c7054489' class='cws_service_item cws_vc_shortcode_module title_under a-left  vc_custom_1669366125268'><div class='cws_service_item_wrapper clearfix'><span class='cws_searvice_icon_wrapper cws_searvice_side'><i class='cws_service_icon cws_vc_shortcode_icon_3\u0445 flaticon-leaf'><\/i><\/span><div class='cws_service_info'><h6 class='cws_service_title'>Filiale Darmstadt<\/h6><div class='cws_service_desc clearfix'><p>Es ging schneller als gedacht \ud83d\ude09<\/p>\n<p>Unsere zweite Filiale in Darmstadt ist seit November 2022 er\u00f6ffnet.<\/p>\n<\/div><\/div><\/div><\/div><div class=\"cws_spacing\"><div class=\"cws_spacing cws_spacing_default\" style=\"height:10px;\"><\/div><\/div>[\/vc_column][vc_column width=&#8220;7\/12&#8243;][vc_single_image image=&#8220;11003&#8243; img_size=&#8220;full&#8220; css=&#8220;.vc_custom_1617106332110{border-radius: 30px !important;}&#8220;][\/vc_column][\/vc_row][vc_row full_width=&#8220;stretch_row&#8220; bg_cws_repeat=&#8220;no-repeat&#8220; bg_cws_size=&#8220;cover&#8220; bg_image_position=&#8220;center_center&#8220; crop=&#8220;1&#8243; crop_style=&#8220;style_2&#8243; css=&#8220;.vc_custom_1559109097141{background-image: url(https:\/\/pono-bowls.de\/wp-content\/uploads\/2019\/05\/bg_740.png?id=6435) !important;}&#8220;][vc_column]<div class=\"cws_spacing cws_spacing_size_sm_desctop-on cws_spacing_tablet-on cws_spacing_mobile-on\"><div class=\"cws_spacing cws_spacing_default\" style=\"height:100px;\"><\/div> <div class=\"cws_spacing cws_spacing_size_sm_desctop\" style=\"height:100px;\"><\/div> <div class=\"cws_spacing cws_spacing_tablet\" style=\"height:50px;\"><\/div> <div class=\"cws_spacing cws_spacing_mobile\" style=\"height:50px;\"><\/div><\/div>[vc_row_inner][vc_column_inner width=&#8220;2\/3&#8243; css=&#8220;.vc_custom_1559109188836{padding-right: 50px !important;}&#8220;]<div class='cws_textmodule cws_vc_shortcode_module  vc_custom_1617106457738' id='cws_textmodule_69ff7c70547ec'><div class='cws_textmodule_wrapper icon_pos_above'><div class='cws_textmodule_text text_align_right'><div class='cws_textmodule_titles'><div class='cws_textmodule_aside'><\/div><\/div><div class='cws_textmodule_content'><div class='text_content_wrapper'><p><em>Dank eurer gro\u00dfen Nachfrage, das Vertrauen in uns und in unsere Arbeit, aber auch wegen der Kapazit\u00e4tsgrenzen in Griesheim, haben wir uns doch wesentlich fr\u00fcher f\u00fcr einen weiteren Standort ganz in eurer N\u00e4he entschieden.<\/em><\/p>\n<p><em>In erster Linie m\u00f6chten wir unseren Standort in Griesheim unterst\u00fctzen, unsere Liefertreue verbessern und unsere Kapazit\u00e4ten vergr\u00f6\u00dfern. <\/em><em>In Darmstadt erwartet euch ein kleines, aber einladendes L\u00e4dchen, wo wir euch hoffentlich mit unseren leckeren Bowls \u00fcberzeugen werden.\u00a0 <\/em><em>Ebenfalls zum abholen, liefern und &#8211; ganz bald &#8211; auch zum genie\u00dfen auf unseren gem\u00fctlichen Sitzpl\u00e4tzen in unserem kleinem <\/em><em>Paradies \ud83d\ude42<\/em><\/p>\n<p><em>Wir freuen uns auf euch!<\/em><\/p>\n<\/div><\/div><\/div><\/div><\/div><div class=\"cws_spacing\"><div class=\"cws_spacing cws_spacing_default\" style=\"height:70px;\"><\/div><\/div>[\/vc_column_inner][vc_column_inner width=&#8220;1\/3&#8243;][vc_single_image image=&#8220;10999&#8243; img_size=&#8220;full&#8220;][\/vc_column_inner][\/vc_row_inner]<div class=\"cws_spacing cws_spacing_size_sm_desctop-on cws_spacing_tablet-on cws_spacing_mobile-on\"><div class=\"cws_spacing cws_spacing_default\" style=\"height:75px;\"><\/div> <div class=\"cws_spacing cws_spacing_size_sm_desctop\" style=\"height:75px;\"><\/div> <div class=\"cws_spacing cws_spacing_tablet\" style=\"height:75px;\"><\/div> <div class=\"cws_spacing cws_spacing_mobile\" style=\"height:50px;\"><\/div><\/div>[\/vc_column][\/vc_row][vc_row][vc_column]<div class=\"cws_spacing\"><div class=\"cws_spacing cws_spacing_default\" style=\"height:32px;\"><\/div><\/div>[\/vc_column][\/vc_row][vc_row css=&#8220;.vc_custom_1617362153684{margin-top: 35px !important;}&#8220;][vc_column width=&#8220;1\/4&#8243; css=&#8220;.vc_custom_1617362225157{margin-top: 0px !important;border-top-width: 1px !important;border-right-width: 1px !important;border-bottom-width: 1px !important;border-left-width: 1px !important;padding-top: 10px !important;padding-right: 10px !important;padding-bottom: 10px !important;padding-left: 10px !important;border-left-color: #d6d6d6 !important;border-left-style: solid !important;border-right-color: #d6d6d6 !important;border-right-style: solid !important;border-top-color: #d6d6d6 !important;border-top-style: solid !important;border-bottom-color: #d6d6d6 !important;border-bottom-style: solid !important;}&#8220;]<div class=\"cws_spacing\"><div class=\"cws_spacing cws_spacing_default\" style=\"height:0px;\"><\/div><\/div><div class='cws_textmodule cws_vc_shortcode_module' id='cws_textmodule_69ff7c7054b0c'><div class='cws_textmodule_wrapper icon_pos_above'><div class='cws_textmodule_text text_align_center'><div class='cws_textmodule_titles'><div class='cws_textmodule_aside'><\/div><\/div><div class='cws_textmodule_content'><div class='text_content_wrapper'><h3>Pono Bowl&#8217;s &amp; more Darmstadt<\/h3>\n<p>&nbsp;<\/p>\n<p>Hindenburgstra\u00dfe 56<\/p>\n<p>64295 Darmstadt<\/p>\n<p>&nbsp;<\/p>\n<div class=\"contacts\"><i class=\"fas fa-phone-square-alt\"><\/i><a href=\"tel:+4961511567383\">06151-156 73 83<\/a><br \/>\n<i class=\"fas fa-envelope\"><\/i><a href=\"mailto:info@pono-bowls.de\">info@pono-bowls.de<\/a><br \/>\n<i class=\"fas fa-globe\"><\/i><a href=\"https:\/\/darmstadt.pono-bowls.de\">www.darmstadt.pono-bowls.de<\/a><\/div>\n<\/div><\/div><\/div><\/div><\/div><div class=\"cws_spacing cws_spacing_size_sm_desctop-on cws_spacing_tablet-on cws_spacing_mobile-on\"><div class=\"cws_spacing cws_spacing_default\" style=\"height:29px;\"><\/div> <div class=\"cws_spacing cws_spacing_size_sm_desctop\" style=\"height:27px;\"><\/div> <div class=\"cws_spacing cws_spacing_tablet\" style=\"height:0px;\"><\/div> <div class=\"cws_spacing cws_spacing_mobile\" style=\"height:10px;\"><\/div><\/div>[\/vc_column][vc_column width=&#8220;3\/4&#8243;][vc_gmaps link=&#8220;#E-8_JTNDaWZyYW1lJTIwc3JjJTNEJTIyaHR0cHMlM0ElMkYlMkZ3d3cuZ29vZ2xlLmNvbSUyRm1hcHMlMkZlbWJlZCUzRnBiJTNEJTIxMW0xOCUyMTFtMTIlMjExbTMlMjExZDI1NzEuODEwNjE5MjgxODQ1JTIxMmQ4LjY0MTkyMzQ1MTUyNjY1JTIxM2Q0OS44NjQ4MDE5NzkyOTc3NiUyMTJtMyUyMTFmMCUyMTJmMCUyMTNmMCUyMTNtMiUyMTFpMTAyNCUyMTJpNzY4JTIxNGYxMy4xJTIxM20zJTIxMW0yJTIxMXMweDQ3YmQ3MDgwOWY5Nzg5YzMlMjUzQTB4MjRhY2UzYWQzYWJjNDQwNiUyMTJzSGluZGVuYnVyZ3N0cmElMjVDMyUyNTlGZSUyNTIwNTYlMjUyQyUyNTIwNjQyOTUlMjUyMERhcm1zdGFkdCUyMTVlMCUyMTNtMiUyMTFzZGUlMjEyc2RlJTIxNHYxNjE3MzYxNTY4OTgxJTIxNW0yJTIxMXNkZSUyMTJzZGUlMjIlMjB3aWR0aCUzRCUyMjYwMCUyMiUyMGhlaWdodCUzRCUyMjQ1MCUyMiUyMHN0eWxlJTNEJTIyYm9yZGVyJTNBMCUzQiUyMiUyMGFsbG93ZnVsbHNjcmVlbiUzRCUyMiUyMiUyMGxvYWRpbmclM0QlMjJsYXp5JTIyJTNFJTNDJTJGaWZyYW1lJTNF&#8220;][\/vc_column][\/vc_row][vc_row][vc_column width=&#8220;1\/3&#8243;]<div class=\"cws_spacing cws_spacing_size_sm_desctop-on cws_spacing_tablet-on cws_spacing_mobile-on\"><div class=\"cws_spacing cws_spacing_default\" style=\"height:75px;\"><\/div> <div class=\"cws_spacing cws_spacing_size_sm_desctop\" style=\"height:75px;\"><\/div> <div class=\"cws_spacing cws_spacing_tablet\" style=\"height:75px;\"><\/div> <div class=\"cws_spacing cws_spacing_mobile\" style=\"height:50px;\"><\/div><\/div>[vc_single_image image=&#8220;11007&#8243; img_size=&#8220;full&#8220; alignment=&#8220;center&#8220;][\/vc_column][vc_column width=&#8220;1\/3&#8243;]<div class=\"cws_spacing cws_spacing_size_sm_desctop-on cws_spacing_tablet-on cws_spacing_mobile-on\"><div class=\"cws_spacing cws_spacing_default\" style=\"height:75px;\"><\/div> <div class=\"cws_spacing cws_spacing_size_sm_desctop\" style=\"height:75px;\"><\/div> <div class=\"cws_spacing cws_spacing_tablet\" style=\"height:75px;\"><\/div> <div class=\"cws_spacing cws_spacing_mobile\" style=\"height:50px;\"><\/div><\/div>[vc_single_image image=&#8220;11005&#8243; img_size=&#8220;full&#8220; alignment=&#8220;center&#8220;][\/vc_column][vc_column width=&#8220;1\/3&#8243;]<div class=\"cws_spacing cws_spacing_size_sm_desctop-on cws_spacing_tablet-on cws_spacing_mobile-on\"><div class=\"cws_spacing cws_spacing_default\" style=\"height:75px;\"><\/div> <div class=\"cws_spacing cws_spacing_size_sm_desctop\" style=\"height:75px;\"><\/div> <div class=\"cws_spacing cws_spacing_tablet\" style=\"height:75px;\"><\/div> <div class=\"cws_spacing cws_spacing_mobile\" style=\"height:50px;\"><\/div><\/div>[vc_single_image image=&#8220;11004&#8243; img_size=&#8220;full&#8220; alignment=&#8220;center&#8220;][\/vc_column][\/vc_row]\n","protected":false},"excerpt":{"rendered":"<p>[vc_row css=&#8220;.vc_custom_1559134125722{padding-top: 10px !important;padding-bottom: 100px !important;}&#8220;][vc_column width=&#8220;5\/12&#8243; css=&#8220;.vc_custom_1558959371819{padding-right: 40px !important;}&#8220;][\/vc_column][vc_column width=&#8220;7\/12&#8243;][vc_single_image image=&#8220;11003&#8243; img_size=&#8220;full&#8220; css=&#8220;.vc_custom_1617106332110{border-radius: 30px !important;}&#8220;][\/vc_column][\/vc_row][vc_row full_width=&#8220;stretch_row&#8220; bg_cws_repeat=&#8220;no-repeat&#8220; bg_cws_size=&#8220;cover&#8220; bg_image_position=&#8220;center_center&#8220; crop=&#8220;1&#8243; crop_style=&#8220;style_2&#8243; css=&#8220;.vc_custom_1559109097141{background-image: url(https:\/\/pono-bowls.de\/wp-content\/uploads\/2019\/05\/bg_740.png?id=6435) !important;}&#8220;][vc_column][vc_row_inner][vc_column_inner width=&#8220;2\/3&#8243; css=&#8220;.vc_custom_1559109188836{padding-right: 50px !important;}&#8220;][\/vc_column_inner][vc_column_inner width=&#8220;1\/3&#8243;][vc_single_image image=&#8220;10999&#8243; img_size=&#8220;full&#8220;][\/vc_column_inner][\/vc_row_inner][\/vc_column][\/vc_row][vc_row][vc_column][\/vc_column][\/vc_row][vc_row css=&#8220;.vc_custom_1617362153684{margin-top: 35px !important;}&#8220;][vc_column width=&#8220;1\/4&#8243; css=&#8220;.vc_custom_1617362225157{margin-top: 0px !important;border-top-width: 1px !important;border-right-width: 1px !important;border-bottom-width: 1px !important;border-left-width: 1px !important;padding-top: 10px !important;padding-right: 10px !important;padding-bottom: 10px !important;padding-left: 10px !important;border-left-color: #d6d6d6 !important;border-left-style: solid !important;border-right-color: #d6d6d6 !important;border-right-style: solid !important;border-top-color: #d6d6d6 !important;border-top-style: solid !important;border-bottom-color: #d6d6d6 !important;border-bottom-style: solid !important;}&#8220;][\/vc_column][vc_column width=&#8220;3\/4&#8243;][vc_gmaps link=&#8220;#E-8_JTNDaWZyYW1lJTIwc3JjJTNEJTIyaHR0cHMlM0ElMkYlMkZ3d3cuZ29vZ2xlLmNvbSUyRm1hcHMlMkZlbWJlZCUzRnBiJTNEJTIxMW0xOCUyMTFtMTIlMjExbTMlMjExZDI1NzEuODEwNjE5MjgxODQ1JTIxMmQ4LjY0MTkyMzQ1MTUyNjY1JTIxM2Q0OS44NjQ4MDE5NzkyOTc3NiUyMTJtMyUyMTFmMCUyMTJmMCUyMTNmMCUyMTNtMiUyMTFpMTAyNCUyMTJpNzY4JTIxNGYxMy4xJTIxM20zJTIxMW0yJTIxMXMweDQ3YmQ3MDgwOWY5Nzg5YzMlMjUzQTB4MjRhY2UzYWQzYWJjNDQwNiUyMTJzSGluZGVuYnVyZ3N0cmElMjVDMyUyNTlGZSUyNTIwNTYlMjUyQyUyNTIwNjQyOTUlMjUyMERhcm1zdGFkdCUyMTVlMCUyMTNtMiUyMTFzZGUlMjEyc2RlJTIxNHYxNjE3MzYxNTY4OTgxJTIxNW0yJTIxMXNkZSUyMTJzZGUlMjIlMjB3aWR0aCUzRCUyMjYwMCUyMiUyMGhlaWdodCUzRCUyMjQ1MCUyMiUyMHN0eWxlJTNEJTIyYm9yZGVyJTNBMCUzQiUyMiUyMGFsbG93ZnVsbHNjcmVlbiUzRCUyMiUyMiUyMGxvYWRpbmclM0QlMjJsYXp5JTIyJTNFJTNDJTJGaWZyYW1lJTNF&#8220;][\/vc_column][\/vc_row][vc_row][vc_column width=&#8220;1\/3&#8243;][vc_single_image image=&#8220;11007&#8243; img_size=&#8220;full&#8220; alignment=&#8220;center&#8220;][\/vc_column][vc_column width=&#8220;1\/3&#8243;][vc_single_image image=&#8220;11005&#8243; img_size=&#8220;full&#8220; alignment=&#8220;center&#8220;][\/vc_column][vc_column width=&#8220;1\/3&#8243;][vc_single_image image=&#8220;11004&#8243; img_size=&#8220;full&#8220; alignment=&#8220;center&#8220;][\/vc_column][\/vc_row]<\/p>\n","protected":false},"author":1,"featured_media":0,"parent":0,"menu_order":0,"comment_status":"closed","ping_status":"closed","template":"","meta":{"footnotes":""},"_links":{"self":[{"href":"https:\/\/frankfurt.pono-bowls.de\/index.php\/wp-json\/wp\/v2\/pages\/11013"}],"collection":[{"href":"https:\/\/frankfurt.pono-bowls.de\/index.php\/wp-json\/wp\/v2\/pages"}],"about":[{"href":"https:\/\/frankfurt.pono-bowls.de\/index.php\/wp-json\/wp\/v2\/types\/page"}],"author":[{"embeddable":true,"href":"https:\/\/frankfurt.pono-bowls.de\/index.php\/wp-json\/wp\/v2\/users\/1"}],"replies":[{"embeddable":true,"href":"https:\/\/frankfurt.pono-bowls.de\/index.php\/wp-json\/wp\/v2\/comments?post=11013"}],"version-history":[{"count":19,"href":"https:\/\/frankfurt.pono-bowls.de\/index.php\/wp-json\/wp\/v2\/pages\/11013\/revisions"}],"predecessor-version":[{"id":44294,"href":"https:\/\/frankfurt.pono-bowls.de\/index.php\/wp-json\/wp\/v2\/pages\/11013\/revisions\/44294"}],"wp:attachment":[{"href":"https:\/\/frankfurt.pono-bowls.de\/index.php\/wp-json\/wp\/v2\/media?parent=11013"}],"curies":[{"name":"wp","href":"https:\/\/api.w.org\/{rel}","templated":true}]}}