{"id":5082,"date":"2018-12-28T10:14:32","date_gmt":"2018-12-28T10:14:32","guid":{"rendered":"https:\/\/pono-bowls.de\/index.php\/cart\/"},"modified":"2021-02-10T16:54:16","modified_gmt":"2021-02-10T15:54:16","slug":"cart","status":"publish","type":"page","link":"https:\/\/frankfurt.pono-bowls.de\/index.php\/cart\/","title":{"rendered":"Warenkorb"},"content":{"rendered":"<p><a class=\"button configurator_btn_cart hidden\" href=\"\/index.php\/produkt\/eigene-bowl\/\">eine weitere Bowl konfigurieren<\/a><\/p>\n<p style=\"text-align: right;\">Bitte beachte unsere <u><a class=\"allergic\">allgemeinen Allergenhinweise<\/a><\/u><\/p>\n<p><\/p>\n\n\n\n<div class=\"cws_spacing\"><div class=\"cws_spacing cws_spacing_default\" style=\"height:45px;\"><\/div><\/div>\n<div class='cws_textmodule cws_vc_shortcode_module' id='cws_textmodule_69ff7c74cf991'><div class='cws_textmodule_wrapper add_divider divider_style_linethrough icon_pos_above'><div class='cws_textmodule_text text_align_center'><div class='cws_textmodule_titles'><div class='cws_textmodule_icon_wrapper'><div class='cws_textmodule_icon'><i class='flaticon-leaf-3'><\/i><\/div><\/div><div class='cws_textmodule_aside'><h2 class='cws_textmodule_title'><span>Darf es noch ein leckeres, au\u00dfergew\u00f6hnliches Getr\u00e4nk sein?<\/span><\/h2><\/div><\/div><\/div><\/div><\/div>\n\n\n\n<p><\/p>\n\n\n<div id='cws_vc_shortcode_carousel_69ff7c74cfad2'  class='cws_vc_shortcode_sc_carousel cws_sc_carousel cws_vc_shortcode_module arrows_default' data-columns='4'><div class='cws_vc_shortcode_wrapper cws_wrapper'><div class='cws_wrapper_inner'><div class=\"woocommerce columns-4 \"><\/div><\/div><\/div><\/div>\n\n\n\n<p><\/p>\n\n\n\n<p>&nbsp;<\/p>\n","protected":false},"excerpt":{"rendered":"<p>&nbsp;<\/p>\n","protected":false},"author":1,"featured_media":0,"parent":0,"menu_order":0,"comment_status":"closed","ping_status":"closed","template":"","meta":{"footnotes":""},"_links":{"self":[{"href":"https:\/\/frankfurt.pono-bowls.de\/index.php\/wp-json\/wp\/v2\/pages\/5082"}],"collection":[{"href":"https:\/\/frankfurt.pono-bowls.de\/index.php\/wp-json\/wp\/v2\/pages"}],"about":[{"href":"https:\/\/frankfurt.pono-bowls.de\/index.php\/wp-json\/wp\/v2\/types\/page"}],"author":[{"embeddable":true,"href":"https:\/\/frankfurt.pono-bowls.de\/index.php\/wp-json\/wp\/v2\/users\/1"}],"replies":[{"embeddable":true,"href":"https:\/\/frankfurt.pono-bowls.de\/index.php\/wp-json\/wp\/v2\/comments?post=5082"}],"version-history":[{"count":30,"href":"https:\/\/frankfurt.pono-bowls.de\/index.php\/wp-json\/wp\/v2\/pages\/5082\/revisions"}],"predecessor-version":[{"id":9289,"href":"https:\/\/frankfurt.pono-bowls.de\/index.php\/wp-json\/wp\/v2\/pages\/5082\/revisions\/9289"}],"wp:attachment":[{"href":"https:\/\/frankfurt.pono-bowls.de\/index.php\/wp-json\/wp\/v2\/media?parent=5082"}],"curies":[{"name":"wp","href":"https:\/\/api.w.org\/{rel}","templated":true}]}}