{"id":7584,"date":"2020-11-20T18:08:47","date_gmt":"2020-11-20T16:08:47","guid":{"rendered":"https:\/\/pono-bowls.de\/?page_id=7584"},"modified":"2020-11-25T18:27:12","modified_gmt":"2020-11-25T17:27:12","slug":"feedback","status":"publish","type":"page","link":"https:\/\/frankfurt.pono-bowls.de\/index.php\/feedback\/","title":{"rendered":"Feedback"},"content":{"rendered":"[vc_row content_placement=&#8220;middle&#8220; bg_cws_repeat=&#8220;no-repeat&#8220; bg_cws_size=&#8220;contain&#8220; bg_image_position=&#8220;left_bottom&#8220; el_class=&#8220;center&#8220;][vc_column][vc_column_text]\r\n<h1>\u00a0<\/h1>\r\n<h1 style=\"text-align: center; color: #26463b;\"><span style=\"color: #e6b34b;\">Feedback<\/span><\/h1>\r\n<p>&nbsp;<\/p>\r\n<p>&nbsp;<\/p>\r\n<p><span style=\"color: #e6b34b;\"><\/span><\/p>\r\n<p class=\"has-medium-font-size\" style=\"text-align: center;\"><span style=\"color: #e6b34b;\">F\u00fcr uns gibt es nichts Wichtigeres als ehrliche Kritik und Feedback.<\/span><br \/><span style=\"color: #e6b34b;\">Aus diesem Grund w\u00fcrden wir uns riesig freuen, wenn Ihr unseren folgenden Fragebogen ausf\u00fcllt.<\/span><br \/><span style=\"color: #e6b34b;\">Dies hilft uns, vieles noch besser zu machen!<\/span><\/p>\r\n[\/vc_column_text]<div class=\"cws_spacing\"><div class=\"cws_spacing cws_spacing_default\" style=\"height:50px;\"><\/div><\/div><div class='sc_button_wrapper align-center mobile-align-center'><div id='cws_vc_shortcode_button_69ff7e585bb9e' class='cws_custom_button_wrapper cws_sc_button large default'><span><a href='https:\/\/docs.google.com\/forms\/d\/e\/1FAIpQLScDNSeU2ZqtlgSFw-RZYtPfG1slVhFGZDEPrL3O_-qsY5MuXA\/viewform' class='cws_custom_button' target='_blank'>Feedback geben<span><\/span><i class='fas fa-edit ml-10'><\/i><\/a><\/span><\/div><\/div><div class=\"cws_spacing\"><div class=\"cws_spacing cws_spacing_default\" style=\"height:50px;\"><\/div><\/div>[vc_column_text el_class=&#8220;has-medium-font-size&#8220;]\r\n<p>&nbsp;<\/p>\r\n<p style=\"text-align: center;\"><span style=\"color: #e6b34b;\">\u00dcber eine Googlebewertung freuen wir uns nat\u00fcrlich auch sehr!<\/span><\/p>\r\n<p>&nbsp;<\/p>\r\n[\/vc_column_text]<div class=\"cws_spacing\"><div class=\"cws_spacing cws_spacing_default\" style=\"height:50px;\"><\/div><\/div><div class='sc_button_wrapper align-center mobile-align-center'><div id='cws_vc_shortcode_button_69ff7e585bcdb' class='cws_custom_button_wrapper cws_sc_button large default'><span><a href='https:\/\/www.google.com\/search?client=firefox-b-d&#038;q=pono+bowls#lrd=0x47bd790d2ef8a52b:0x5a730d464a9c1610,1' class='cws_custom_button' target='_blank'>zur Google Bewertung<span><\/span><i class='fab fa-google ml-10'><\/i><\/a><\/span><\/div><\/div><div class=\"cws_spacing\"><div class=\"cws_spacing cws_spacing_default\" style=\"height:32px;\"><\/div><\/div>[\/vc_column][\/vc_row]","protected":false},"excerpt":{"rendered":"<p>[vc_row content_placement=&#8220;middle&#8220; bg_cws_repeat=&#8220;no-repeat&#8220; bg_cws_size=&#8220;contain&#8220; bg_image_position=&#8220;left_bottom&#8220; el_class=&#8220;center&#8220;][vc_column][vc_column_text] \u00a0 Feedback &nbsp; &nbsp; F\u00fcr uns gibt es nichts Wichtigeres als ehrliche Kritik und Feedback.Aus diesem Grund w\u00fcrden wir uns riesig freuen, wenn Ihr unseren folgenden Fragebogen ausf\u00fcllt.Dies hilft uns, vieles noch besser zu machen! [\/vc_column_text][vc_column_text el_class=&#8220;has-medium-font-size&#8220;] &nbsp; \u00dcber eine Googlebewertung freuen wir uns nat\u00fcrlich auch sehr! &nbsp; [\/vc_column_text][\/vc_column][\/vc_row]<\/p>\n","protected":false},"author":1,"featured_media":0,"parent":0,"menu_order":0,"comment_status":"closed","ping_status":"closed","template":"","meta":{"footnotes":""},"_links":{"self":[{"href":"https:\/\/frankfurt.pono-bowls.de\/index.php\/wp-json\/wp\/v2\/pages\/7584"}],"collection":[{"href":"https:\/\/frankfurt.pono-bowls.de\/index.php\/wp-json\/wp\/v2\/pages"}],"about":[{"href":"https:\/\/frankfurt.pono-bowls.de\/index.php\/wp-json\/wp\/v2\/types\/page"}],"author":[{"embeddable":true,"href":"https:\/\/frankfurt.pono-bowls.de\/index.php\/wp-json\/wp\/v2\/users\/1"}],"replies":[{"embeddable":true,"href":"https:\/\/frankfurt.pono-bowls.de\/index.php\/wp-json\/wp\/v2\/comments?post=7584"}],"version-history":[{"count":15,"href":"https:\/\/frankfurt.pono-bowls.de\/index.php\/wp-json\/wp\/v2\/pages\/7584\/revisions"}],"predecessor-version":[{"id":7697,"href":"https:\/\/frankfurt.pono-bowls.de\/index.php\/wp-json\/wp\/v2\/pages\/7584\/revisions\/7697"}],"wp:attachment":[{"href":"https:\/\/frankfurt.pono-bowls.de\/index.php\/wp-json\/wp\/v2\/media?parent=7584"}],"curies":[{"name":"wp","href":"https:\/\/api.w.org\/{rel}","templated":true}]}}